{"id":9,"date":"2023-03-08T11:53:01","date_gmt":"2023-03-08T14:53:01","guid":{"rendered":"http:\/\/gabyindiodacosta.com\/arte\/?page_id=9"},"modified":"2023-03-14T10:26:54","modified_gmt":"2023-03-14T13:26:54","slug":"sobre","status":"publish","type":"page","link":"https:\/\/gabyindiodacosta.com\/arte\/sobre\/","title":{"rendered":"sobre"},"content":{"rendered":"\n<div class=\"wp-block-columns is-layout-flex wp-container-core-columns-is-layout-9d6595d7 wp-block-columns-is-layout-flex\">\n<div class=\"wp-block-column is-layout-flow wp-block-column-is-layout-flow\">\n<p>Gaby Indio da Costa atua no mercado de arte desde 2009, abrindo seu espa\u00e7o em 2012, e desde ent\u00e3o acompanha de perto a produ\u00e7\u00e3o de v\u00e1rios artistas. Realizou diversas exposi\u00e7\u00f5es, algumas em parcerias com institui\u00e7\u00f5es, a maioria com a curadoria de cr\u00edticos e curadores renomados.<\/p>\n\n\n\n<p>A galeria Gaby Indio da Costa Arte Contempor\u00e2nea tem como objetivo principal divulgar a produ\u00e7\u00e3o dos artistas que representa e suas propostas, promover projetos e exposi\u00e7\u00f5es e manter um di\u00e1logo constante com cr\u00edticos, curadores e colecionadores, incentivando a forma\u00e7\u00e3o de novas cole\u00e7\u00f5es e buscando fortalecer as que j\u00e1 existem.<\/p>\n\n\n\n<p>A galeria trabalha com artistas jovens e consagrados, alguns com trajet\u00f3ria consolidada, todos eles comprometidos com a experimenta\u00e7\u00e3o, a ousadia no \u00e2mbito da linguagem que define a arte contempor\u00e2nea. Prova disso s\u00e3o os convites constantes para compor exposi\u00e7\u00f5es nacionais e internacionais, e o interesse crescente de jovens colecionadores al\u00e9m de cole\u00e7\u00f5es estabelecidas, p\u00fablicas e privadas.<\/p>\n<\/div>\n\n\n\n<div class=\"wp-block-column is-layout-flow wp-block-column-is-layout-flow\" style=\"flex-basis:1%\"><\/div>\n\n\n\n<div class=\"wp-block-column is-layout-flow wp-block-column-is-layout-flow\">\n<p>Gaby Indio da Costa has been working in the art market since 2009, opening her space in 2012, and since then has closely followed the production of several artists. She has held several exhibitions, some in partnerships with institutions, most of them curated by renowned critics and curators.<\/p>\n\n\n\n<p>Gaby Indio da Costa Arte Contempor\u00e2nea\u2019s main objective is to promote the production of the artists it represents and their proposals, promote projects and exhibitions and maintain a constant dialogue with critics, curators and collectors, encouraging the formation of new collections and strengthening existing ones.<\/p>\n\n\n\n<p>The gallery works with young and established artists, some with a consolidated path, all of them committed to experimentation and daring in the context of the language that defines contemporary art. Proof of this are the constant invitations to compose national and international exhibitions, and the growing interest of young collectors as well as established public and private collections.<\/p>\n<\/div>\n<\/div>\n","protected":false},"excerpt":{"rendered":"<p>Gaby [&hellip;]<\/p>\n","protected":false},"author":1,"featured_media":0,"parent":0,"menu_order":0,"comment_status":"closed","ping_status":"closed","template":"","meta":{"footnotes":""},"class_list":["post-9","page","type-page","status-publish","hentry"],"_links":{"self":[{"href":"https:\/\/gabyindiodacosta.com\/arte\/wp-json\/wp\/v2\/pages\/9","targetHints":{"allow":["GET"]}}],"collection":[{"href":"https:\/\/gabyindiodacosta.com\/arte\/wp-json\/wp\/v2\/pages"}],"about":[{"href":"https:\/\/gabyindiodacosta.com\/arte\/wp-json\/wp\/v2\/types\/page"}],"author":[{"embeddable":true,"href":"https:\/\/gabyindiodacosta.com\/arte\/wp-json\/wp\/v2\/users\/1"}],"replies":[{"embeddable":true,"href":"https:\/\/gabyindiodacosta.com\/arte\/wp-json\/wp\/v2\/comments?post=9"}],"version-history":[{"count":2,"href":"https:\/\/gabyindiodacosta.com\/arte\/wp-json\/wp\/v2\/pages\/9\/revisions"}],"predecessor-version":[{"id":1115,"href":"https:\/\/gabyindiodacosta.com\/arte\/wp-json\/wp\/v2\/pages\/9\/revisions\/1115"}],"wp:attachment":[{"href":"https:\/\/gabyindiodacosta.com\/arte\/wp-json\/wp\/v2\/media?parent=9"}],"curies":[{"name":"wp","href":"https:\/\/api.w.org\/{rel}","templated":true}]}}